{"id":163,"date":"2018-10-14T13:11:00","date_gmt":"2018-10-14T13:11:00","guid":{"rendered":"https:\/\/olfabenhamouda.com\/index.php\/about-us\/"},"modified":"2024-06-18T20:32:51","modified_gmt":"2024-06-18T20:32:51","slug":"notre-cabinet","status":"publish","type":"page","link":"https:\/\/olfabenhamouda.com\/index.php\/notre-cabinet\/","title":{"rendered":"About Us"},"content":{"rendered":"\t\t<div data-elementor-type=\"wp-post\" data-elementor-id=\"163\" class=\"elementor elementor-163\">\n\t\t\t\t\t\t<section class=\"elementor-section elementor-top-section elementor-element elementor-element-87857a7 elementor-section-height-min-height elementor-section-boxed elementor-section-height-default elementor-section-items-middle\" data-id=\"87857a7\" data-element_type=\"section\" data-settings=\"{&quot;background_background&quot;:&quot;classic&quot;}\">\n\t\t\t\t\t\t\t<div class=\"elementor-background-overlay\"><\/div>\n\t\t\t\t\t\t\t<div class=\"elementor-container elementor-column-gap-default\">\n\t\t\t\t\t<div class=\"aux-parallax-section elementor-column elementor-col-100 elementor-top-column elementor-element elementor-element-9658278\" data-id=\"9658278\" data-element_type=\"column\">\n\t\t\t<div class=\"elementor-widget-wrap elementor-element-populated\">\n\t\t\t\t\t\t<div class=\"elementor-element elementor-element-5293ce5 aux-appear-watch-animation aux-fade-in-up elementor-widget elementor-widget-aux_modern_heading\" data-id=\"5293ce5\" data-element_type=\"widget\" data-widget_type=\"aux_modern_heading.default\">\n\t\t\t\t<div class=\"elementor-widget-container\">\n\t\t\t<section class=\"aux-widget-modern-heading\">\n            <div class=\"aux-widget-inner\"><h4 class=\"aux-modern-heading-primary\"><\/h4><h1 class=\"aux-modern-heading-secondary\"><span class=\"aux-head-before\">Notre Cabinet<\/span><\/h1><div class=\"aux-modern-heading-divider\"><\/div><\/div>\n        <\/section>\t\t<\/div>\n\t\t\t\t<\/div>\n\t\t\t\t\t<\/div>\n\t\t<\/div>\n\t\t\t\t\t<\/div>\n\t\t<\/section>\n\t\t\t\t<section class=\"elementor-section elementor-top-section elementor-element elementor-element-3552b57 elementor-section-boxed elementor-section-height-default elementor-section-height-default\" data-id=\"3552b57\" data-element_type=\"section\">\n\t\t\t\t\t\t<div class=\"elementor-container elementor-column-gap-no\">\n\t\t\t\t\t<div class=\"aux-parallax-section elementor-column elementor-col-100 elementor-top-column elementor-element elementor-element-0386dcc\" data-id=\"0386dcc\" data-element_type=\"column\">\n\t\t\t<div class=\"elementor-widget-wrap elementor-element-populated\">\n\t\t\t\t\t\t<div class=\"elementor-element elementor-element-cb09581 aux-appear-watch-animation aux-fade-in elementor-widget elementor-widget-aux_modern_heading\" data-id=\"cb09581\" data-element_type=\"widget\" data-widget_type=\"aux_modern_heading.default\">\n\t\t\t\t<div class=\"elementor-widget-container\">\n\t\t\t<section class=\"aux-widget-modern-heading\">\n            <div class=\"aux-widget-inner\"><h2 class=\"aux-modern-heading-primary\"><\/h2><h3 class=\"aux-modern-heading-secondary\"><span class=\"aux-head-before\">Pr\u00e9sentation de notre cabinet<\/span><\/h3><div class=\"aux-modern-heading-divider\"><\/div><\/div>\n        <\/section>\t\t<\/div>\n\t\t\t\t<\/div>\n\t\t\t\t<div class=\"elementor-element elementor-element-ce5e1b9 aux-appear-watch-animation aux-fade-in-up elementor-widget elementor-widget-aux_modern_heading\" data-id=\"ce5e1b9\" data-element_type=\"widget\" data-widget_type=\"aux_modern_heading.default\">\n\t\t\t\t<div class=\"elementor-widget-container\">\n\t\t\t<section class=\"aux-widget-modern-heading\">\n            <div class=\"aux-widget-inner\"><h6 class=\"aux-modern-heading-primary\"><\/h6><div class=\"aux-modern-heading-description\"><p>Bienvenue au Cabinet de Ma\u00eetre Olfa Ben Hamouda, o\u00f9 nous nous engageons \u00e0 fournir des services juridiques de haute qualit\u00e9 avec une approche personnalis\u00e9e pour chaque client. <br \/>Situ\u00e9 au c\u0153ur de Tunis, notre cabinet est reconnu pour son expertise en droit priv\u00e9 et son d\u00e9vouement envers la justice. <br \/>Nous mettons \u00e0 votre disposition une \u00e9quipe dynamique et comp\u00e9tente, pr\u00eate \u00e0 r\u00e9pondre \u00e0 tous vos besoins juridiques avec professionnalisme et diligence.<\/p><\/div><\/div>\n        <\/section>\t\t<\/div>\n\t\t\t\t<\/div>\n\t\t\t\t<div class=\"elementor-element elementor-element-0b1ad28 aux-appear-watch-animation aux-fade-in-up elementor-widget elementor-widget-aux_modern_heading\" data-id=\"0b1ad28\" data-element_type=\"widget\" data-widget_type=\"aux_modern_heading.default\">\n\t\t\t\t<div class=\"elementor-widget-container\">\n\t\t\t<section class=\"aux-widget-modern-heading\">\n            <div class=\"aux-widget-inner\"><h4 class=\"aux-modern-heading-primary\">Notre Philosophie<\/h4><div class=\"aux-modern-heading-divider\"><\/div><div class=\"aux-modern-heading-description\"><p>\u00a0<\/p><p>Notre cabinet s'engage \u00e0 offrir une assistance juridique adapt\u00e9e et efficace, avec une \u00e9coute attentive de nos clients pour mieux comprendre et r\u00e9pondre \u00e0 leurs attentes. Nous croyons fermement en l'importance de la transparence, de la communication et de la confiance mutuelle dans chaque relation avocat-client.<\/p><p>Dans notre cabinet, les modes alternatifs de r\u00e8glements des litiges sont prioritaires, dans tous les domaines du droit, afin de maximiser les chances d\u2019une issue \u00e0 l\u2019amiable, permettant, essentiellement, un gain de temps consid\u00e9rable face \u00e0 l\u2019encombrement des tribunaux et \u00e0 la longueur\u00a0 \u2013 souvent difficile \u00e0 supporter et\u00a0 toujours synonyme de charges et de frais divers \u2013 des proc\u00e9dures juridiques et actions en justice.<\/p><\/div><\/div>\n        <\/section>\t\t<\/div>\n\t\t\t\t<\/div>\n\t\t\t\t<div class=\"elementor-element elementor-element-d8b994c aux-appear-watch-animation aux-fade-in-up elementor-widget elementor-widget-aux_modern_heading\" data-id=\"d8b994c\" data-element_type=\"widget\" data-widget_type=\"aux_modern_heading.default\">\n\t\t\t\t<div class=\"elementor-widget-container\">\n\t\t\t<section class=\"aux-widget-modern-heading\">\n            <div class=\"aux-widget-inner\"><h4 class=\"aux-modern-heading-primary\">Notre \u00c9quipe<\/h4><div class=\"aux-modern-heading-divider\"><\/div><div class=\"aux-modern-heading-description\"><p>\u00a0<\/p><p>Notre \u00e9quipe est compos\u00e9e de professionnels hautement qualifi\u00e9s, anim\u00e9s par un profond engagement envers l'excellence juridique. Nous collaborons \u00e9troitement pour garantir les meilleures solutions \u00e0 nos clients, tout en restant \u00e0 l'avant-garde des \u00e9volutions l\u00e9gales et r\u00e9glementaires.<\/p><\/div><\/div>\n        <\/section>\t\t<\/div>\n\t\t\t\t<\/div>\n\t\t\t\t<div class=\"elementor-element elementor-element-1520b08 aux-appear-watch-animation aux-fade-in-up elementor-widget elementor-widget-aux_modern_heading\" data-id=\"1520b08\" data-element_type=\"widget\" data-widget_type=\"aux_modern_heading.default\">\n\t\t\t\t<div class=\"elementor-widget-container\">\n\t\t\t<section class=\"aux-widget-modern-heading\">\n            <div class=\"aux-widget-inner\"><h4 class=\"aux-modern-heading-primary\">Bibliographie de Ma\u00eetre Olfa Ben Hamouda<\/h4><div class=\"aux-modern-heading-divider\"><\/div><div class=\"aux-modern-heading-description\"><p>\u00a0<\/p><p>Ma\u00eetre Olfa Ben Hamouda, avocate \u00e0 la Cour de Cassation, est inscrite au barreau tunisien depuis avril 2004. Elle a d\u00e9but\u00e9 sa carri\u00e8re juridique avec une solide formation acad\u00e9mique et une passion pour le droit. Forte de ces longues ann\u00e9es d\u2019exercice et de l\u2019exp\u00e9rience accumul\u00e9e, nous avons acquis un savoir-faire ind\u00e9niable dans le traitement des dossiers et le r\u00e8glement des litiges qui nous sont soumis. Un atout consid\u00e9rable qui ne fait que consolider nos connaissances acad\u00e9miques, sans cesse enrichies \u00e0 la lumi\u00e8re des nouvelles lois applicables.<\/p><p><strong>Parcours acad\u00e9mique :<\/strong><\/p><ul><li><strong>2001<\/strong> : Obtention d\u2019une Licence en Droit Priv\u00e9.<\/li><li><strong>2002<\/strong> : Titulaire d'un Dipl\u00f4me d'\u00c9tudes Approfondies (D.E.A) en Droit, avec une sp\u00e9cialisation en Droit Priv\u00e9 G\u00e9n\u00e9ral.<\/li><li><strong>2003<\/strong> : R\u00e9alisation d'un m\u00e9moire en Droit de la Responsabilit\u00e9, obtenu avec mention Tr\u00e8s Bien.<\/li><\/ul><p><strong>Formation continue :<\/strong><\/p><ul><li><strong>2016<\/strong> : Obtention du certificat de la formation organis\u00e9e sous l'\u00e9gide de l'O.N.A.T intitul\u00e9e \"L'Avocat, Conseiller des Entreprises \u00c9conomiques\".<\/li><\/ul><p>Avec plus de 20 ans d'exp\u00e9rience dans le domaine juridique, Ma\u00eetre Olfa Ben Hamouda a acquis une expertise reconnue en droit priv\u00e9 et est particuli\u00e8rement appr\u00e9ci\u00e9e pour ses comp\u00e9tences en conseil juridique et en repr\u00e9sentation devant les tribunaux. Son engagement envers la d\u00e9fense des droits de ses clients et son approche rigoureuse et m\u00e9thodique font d'elle une avocate respect\u00e9e et influente dans le milieu juridique tunisien.<\/p><\/div><\/div>\n        <\/section>\t\t<\/div>\n\t\t\t\t<\/div>\n\t\t\t\t\t<\/div>\n\t\t<\/div>\n\t\t\t\t\t<\/div>\n\t\t<\/section>\n\t\t\t\t<section class=\"elementor-section elementor-top-section elementor-element elementor-element-38f7f2d elementor-hidden-desktop elementor-hidden-tablet elementor-hidden-mobile elementor-section-boxed elementor-section-height-default elementor-section-height-default\" data-id=\"38f7f2d\" data-element_type=\"section\">\n\t\t\t\t\t\t<div class=\"elementor-container elementor-column-gap-no\">\n\t\t\t\t\t<div class=\"aux-parallax-section elementor-column elementor-col-50 elementor-top-column elementor-element elementor-element-82d77b1 aux-appear-watch-animation aux-scale-down\" data-id=\"82d77b1\" data-element_type=\"column\">\n\t\t\t<div class=\"elementor-widget-wrap elementor-element-populated\">\n\t\t\t\t\t\t<div class=\"elementor-element elementor-element-d2aea2e elementor-widget elementor-widget-image\" data-id=\"d2aea2e\" data-element_type=\"widget\" data-widget_type=\"image.default\">\n\t\t\t\t<div class=\"elementor-widget-container\">\n\t\t\t\t\t\t\t\t\t\t\t\t\t<img decoding=\"async\" src=\"https:\/\/olfabenhamouda.com\/wp-content\/uploads\/2024\/05\/Law-Degree-scaled-1280x960-1.jpeg\" title=\"Justice, learning different fields of law concept. Books, gradua\" alt=\"Justice, learning different fields of law concept. Books, graduation hat,  judge gavel and diploma isolated on white. 3d illustration\" loading=\"lazy\" \/>\t\t\t\t\t\t\t\t\t\t\t\t\t<\/div>\n\t\t\t\t<\/div>\n\t\t\t\t\t<\/div>\n\t\t<\/div>\n\t\t\t\t<div class=\"aux-parallax-section elementor-column elementor-col-50 elementor-top-column elementor-element elementor-element-d7b1e46\" data-id=\"d7b1e46\" data-element_type=\"column\">\n\t\t\t<div class=\"elementor-widget-wrap elementor-element-populated\">\n\t\t\t\t\t\t<div class=\"elementor-element elementor-element-ca9ca94 aux-appear-watch-animation aux-fade-in elementor-widget elementor-widget-aux_modern_heading\" data-id=\"ca9ca94\" data-element_type=\"widget\" data-widget_type=\"aux_modern_heading.default\">\n\t\t\t\t<div class=\"elementor-widget-container\">\n\t\t\t<section class=\"aux-widget-modern-heading\">\n            <div class=\"aux-widget-inner\"><h2 class=\"aux-modern-heading-primary\"><\/h2><h3 class=\"aux-modern-heading-secondary\"><span class=\"aux-head-before\">Dipl\u00f4mes et certifications<\/span><\/h3><div class=\"aux-modern-heading-divider\"><\/div><div class=\"aux-modern-heading-description\"><ul><li>Licence en Droit Priv\u00e9 en 2001<\/li><li>Titulaire d'un troisi\u00e8me cycle en Droit (D.E.A), sp\u00e9cialiste Droit Priv\u00e9 G\u00e9n\u00e9ral en 2002<\/li><li>M\u00e9moire en Droit de la responsabilit\u00e9, mention Tr\u00e8s Bien, en 2003<\/li><li>Certificat de la formation organis\u00e9e sous l'\u00e9gide de l'O.N.A.T \"L'Avocat, Conseiller des Entreprises Economiques\", en 2016<\/li><\/ul><\/div><\/div>\n        <\/section>\t\t<\/div>\n\t\t\t\t<\/div>\n\t\t\t\t\t<\/div>\n\t\t<\/div>\n\t\t\t\t\t<\/div>\n\t\t<\/section>\n\t\t\t\t<section class=\"elementor-section elementor-top-section elementor-element elementor-element-ed6a4fc elementor-section-boxed elementor-section-height-default elementor-section-height-default\" data-id=\"ed6a4fc\" data-element_type=\"section\">\n\t\t\t\t\t\t<div class=\"elementor-container elementor-column-gap-default\">\n\t\t\t\t\t<div class=\"aux-parallax-section elementor-column elementor-col-100 elementor-top-column elementor-element elementor-element-10df5f0\" data-id=\"10df5f0\" data-element_type=\"column\">\n\t\t\t<div class=\"elementor-widget-wrap elementor-element-populated\">\n\t\t\t\t\t\t<div class=\"elementor-element elementor-element-3bdbd1c elementor-widget elementor-widget-spacer\" data-id=\"3bdbd1c\" data-element_type=\"widget\" data-widget_type=\"spacer.default\">\n\t\t\t\t<div class=\"elementor-widget-container\">\n\t\t\t\t\t<div class=\"elementor-spacer\">\n\t\t\t<div class=\"elementor-spacer-inner\"><\/div>\n\t\t<\/div>\n\t\t\t\t<\/div>\n\t\t\t\t<\/div>\n\t\t\t\t\t<\/div>\n\t\t<\/div>\n\t\t\t\t\t<\/div>\n\t\t<\/section>\n\t\t\t\t<section class=\"elementor-section elementor-top-section elementor-element elementor-element-c0eb81b elementor-section-boxed elementor-section-height-default elementor-section-height-default\" data-id=\"c0eb81b\" data-element_type=\"section\">\n\t\t\t\t\t\t<div class=\"elementor-container elementor-column-gap-default\">\n\t\t\t\t\t<div class=\"aux-parallax-section elementor-column elementor-col-100 elementor-top-column elementor-element elementor-element-12eb528\" data-id=\"12eb528\" data-element_type=\"column\">\n\t\t\t<div class=\"elementor-widget-wrap elementor-element-populated\">\n\t\t\t\t\t\t<div class=\"elementor-element elementor-element-7116900 elementor-widget elementor-widget-spacer\" data-id=\"7116900\" data-element_type=\"widget\" data-widget_type=\"spacer.default\">\n\t\t\t\t<div class=\"elementor-widget-container\">\n\t\t\t\t\t<div class=\"elementor-spacer\">\n\t\t\t<div class=\"elementor-spacer-inner\"><\/div>\n\t\t<\/div>\n\t\t\t\t<\/div>\n\t\t\t\t<\/div>\n\t\t\t\t\t<\/div>\n\t\t<\/div>\n\t\t\t\t\t<\/div>\n\t\t<\/section>\n\t\t\t\t<\/div>\n\t\t","protected":false},"excerpt":{"rendered":"<p>Notre Cabinet Pr\u00e9sentation de notre cabinet Bienvenue au Cabinet de Ma\u00eetre Olfa Ben Hamouda, o\u00f9 nous nous engageons \u00e0 fournir des services juridiques de haute qualit\u00e9 avec une approche personnalis\u00e9e pour chaque client. Situ\u00e9 au c\u0153ur de Tunis, notre cabinet est reconnu pour son expertise en droit priv\u00e9 et son d\u00e9vouement envers la justice. Nous [&hellip;]<\/p>\n","protected":false},"author":1,"featured_media":0,"parent":0,"menu_order":0,"comment_status":"closed","ping_status":"closed","template":"templates\/page-builder-content.php","meta":{"footnotes":""},"class_list":["post-163","page","type-page","status-publish","hentry"],"yoast_head":"<!-- This site is optimized with the Yoast SEO plugin v22.8 - https:\/\/yoast.com\/wordpress\/plugins\/seo\/ -->\n<title>About Us - Notre Cabinet<\/title>\n<meta name=\"description\" content=\"Bienvenue au Cabinet de Ma\u00eetre Olfa Ben Hamouda, o\u00f9 nous nous engageons \u00e0 fournir des services juridiques de haute qualit\u00e9 avec une approche personnalis\u00e9e pour chaque client.Situ\u00e9 au c\u0153ur de Tunis, notre cabinet est reconnu pour son expertise en droit priv\u00e9 et son d\u00e9vouement envers la justice.Nous mettons \u00e0 votre disposition une \u00e9quipe dynamique et comp\u00e9tente, pr\u00eate \u00e0 r\u00e9pondre \u00e0 tous vos besoins juridiques avec professionnalisme et diligence.\" \/>\n<meta name=\"robots\" content=\"index, follow, max-snippet:-1, max-image-preview:large, max-video-preview:-1\" \/>\n<link rel=\"canonical\" href=\"https:\/\/olfabenhamouda.com\/index.php\/notre-cabinet\/\" \/>\n<meta property=\"og:locale\" content=\"en_GB\" \/>\n<meta property=\"og:type\" content=\"article\" \/>\n<meta property=\"og:title\" content=\"About Us - Notre Cabinet\" \/>\n<meta property=\"og:description\" content=\"Bienvenue au Cabinet de Ma\u00eetre Olfa Ben Hamouda, o\u00f9 nous nous engageons \u00e0 fournir des services juridiques de haute qualit\u00e9 avec une approche personnalis\u00e9e pour chaque client.Situ\u00e9 au c\u0153ur de Tunis, notre cabinet est reconnu pour son expertise en droit priv\u00e9 et son d\u00e9vouement envers la justice.Nous mettons \u00e0 votre disposition une \u00e9quipe dynamique et comp\u00e9tente, pr\u00eate \u00e0 r\u00e9pondre \u00e0 tous vos besoins juridiques avec professionnalisme et diligence.\" \/>\n<meta property=\"og:url\" content=\"https:\/\/olfabenhamouda.com\/index.php\/notre-cabinet\/\" \/>\n<meta property=\"article:publisher\" content=\"https:\/\/www.facebook.com\/olfa.benhamouda.33\" \/>\n<meta property=\"article:modified_time\" content=\"2024-06-18T20:32:51+00:00\" \/>\n<meta property=\"og:image\" content=\"http:\/\/olfabenhamouda.com\/wp-content\/uploads\/elementor\/thumbs\/Law-Degree-scaled-1280x960-1-qo9mbk4hzw8rbt87kre5g5010mv2wp22pmoa5ac1aw.jpeg\" \/>\n<meta name=\"twitter:card\" content=\"summary_large_image\" \/>\n<meta name=\"twitter:label1\" content=\"Estimated reading time\" \/>\n\t<meta name=\"twitter:data1\" content=\"3 minutes\" \/>\n<script type=\"application\/ld+json\" class=\"yoast-schema-graph\">{\"@context\":\"https:\/\/schema.org\",\"@graph\":[{\"@type\":[\"WebPage\",\"AboutPage\"],\"@id\":\"https:\/\/olfabenhamouda.com\/index.php\/notre-cabinet\/\",\"url\":\"https:\/\/olfabenhamouda.com\/index.php\/notre-cabinet\/\",\"name\":\"About Us - Notre Cabinet\",\"isPartOf\":{\"@id\":\"https:\/\/olfabenhamouda.com\/#website\"},\"primaryImageOfPage\":{\"@id\":\"https:\/\/olfabenhamouda.com\/index.php\/notre-cabinet\/#primaryimage\"},\"image\":{\"@id\":\"https:\/\/olfabenhamouda.com\/index.php\/notre-cabinet\/#primaryimage\"},\"thumbnailUrl\":\"http:\/\/olfabenhamouda.com\/wp-content\/uploads\/elementor\/thumbs\/Law-Degree-scaled-1280x960-1-qo9mbk4hzw8rbt87kre5g5010mv2wp22pmoa5ac1aw.jpeg\",\"datePublished\":\"2018-10-14T13:11:00+00:00\",\"dateModified\":\"2024-06-18T20:32:51+00:00\",\"description\":\"Bienvenue au Cabinet de Ma\u00eetre Olfa Ben Hamouda, o\u00f9 nous nous engageons \u00e0 fournir des services juridiques de haute qualit\u00e9 avec une approche personnalis\u00e9e pour chaque client.Situ\u00e9 au c\u0153ur de Tunis, notre cabinet est reconnu pour son expertise en droit priv\u00e9 et son d\u00e9vouement envers la justice.Nous mettons \u00e0 votre disposition une \u00e9quipe dynamique et comp\u00e9tente, pr\u00eate \u00e0 r\u00e9pondre \u00e0 tous vos besoins juridiques avec professionnalisme et diligence.\",\"breadcrumb\":{\"@id\":\"https:\/\/olfabenhamouda.com\/index.php\/notre-cabinet\/#breadcrumb\"},\"inLanguage\":\"en-GB\",\"potentialAction\":[{\"@type\":\"ReadAction\",\"target\":[\"https:\/\/olfabenhamouda.com\/index.php\/notre-cabinet\/\"]}]},{\"@type\":\"ImageObject\",\"inLanguage\":\"en-GB\",\"@id\":\"https:\/\/olfabenhamouda.com\/index.php\/notre-cabinet\/#primaryimage\",\"url\":\"http:\/\/olfabenhamouda.com\/wp-content\/uploads\/elementor\/thumbs\/Law-Degree-scaled-1280x960-1-qo9mbk4hzw8rbt87kre5g5010mv2wp22pmoa5ac1aw.jpeg\",\"contentUrl\":\"http:\/\/olfabenhamouda.com\/wp-content\/uploads\/elementor\/thumbs\/Law-Degree-scaled-1280x960-1-qo9mbk4hzw8rbt87kre5g5010mv2wp22pmoa5ac1aw.jpeg\"},{\"@type\":\"BreadcrumbList\",\"@id\":\"https:\/\/olfabenhamouda.com\/index.php\/notre-cabinet\/#breadcrumb\",\"itemListElement\":[{\"@type\":\"ListItem\",\"position\":1,\"name\":\"Home\",\"item\":\"https:\/\/olfabenhamouda.com\/\"},{\"@type\":\"ListItem\",\"position\":2,\"name\":\"About Us\"}]},{\"@type\":\"WebSite\",\"@id\":\"https:\/\/olfabenhamouda.com\/#website\",\"url\":\"https:\/\/olfabenhamouda.com\/\",\"name\":\"olfabenhamouda\",\"description\":\"\",\"publisher\":{\"@id\":\"https:\/\/olfabenhamouda.com\/#organization\"},\"potentialAction\":[{\"@type\":\"SearchAction\",\"target\":{\"@type\":\"EntryPoint\",\"urlTemplate\":\"https:\/\/olfabenhamouda.com\/?s={search_term_string}\"},\"query-input\":\"required name=search_term_string\"}],\"inLanguage\":\"en-GB\"},{\"@type\":\"Organization\",\"@id\":\"https:\/\/olfabenhamouda.com\/#organization\",\"name\":\"Cabinet Avocate Olfa Ben Hamouda\",\"url\":\"https:\/\/olfabenhamouda.com\/\",\"logo\":{\"@type\":\"ImageObject\",\"inLanguage\":\"en-GB\",\"@id\":\"https:\/\/olfabenhamouda.com\/#\/schema\/logo\/image\/\",\"url\":\"https:\/\/olfabenhamouda.com\/wp-content\/uploads\/2024\/05\/bc4fd4b0.ico\",\"contentUrl\":\"https:\/\/olfabenhamouda.com\/wp-content\/uploads\/2024\/05\/bc4fd4b0.ico\",\"width\":48,\"height\":48,\"caption\":\"Cabinet Avocate Olfa Ben Hamouda\"},\"image\":{\"@id\":\"https:\/\/olfabenhamouda.com\/#\/schema\/logo\/image\/\"},\"sameAs\":[\"https:\/\/www.facebook.com\/olfa.benhamouda.33\",\"https:\/\/www.linkedin.com\/in\/olfa-ben-hamouda-500a26173\/\"]}]}<\/script>\n<!-- \/ Yoast SEO plugin. -->","yoast_head_json":{"title":"About Us - Notre Cabinet","description":"Bienvenue au Cabinet de Ma\u00eetre Olfa Ben Hamouda, o\u00f9 nous nous engageons \u00e0 fournir des services juridiques de haute qualit\u00e9 avec une approche personnalis\u00e9e pour chaque client.Situ\u00e9 au c\u0153ur de Tunis, notre cabinet est reconnu pour son expertise en droit priv\u00e9 et son d\u00e9vouement envers la justice.Nous mettons \u00e0 votre disposition une \u00e9quipe dynamique et comp\u00e9tente, pr\u00eate \u00e0 r\u00e9pondre \u00e0 tous vos besoins juridiques avec professionnalisme et diligence.","robots":{"index":"index","follow":"follow","max-snippet":"max-snippet:-1","max-image-preview":"max-image-preview:large","max-video-preview":"max-video-preview:-1"},"canonical":"https:\/\/olfabenhamouda.com\/index.php\/notre-cabinet\/","og_locale":"en_GB","og_type":"article","og_title":"About Us - Notre Cabinet","og_description":"Bienvenue au Cabinet de Ma\u00eetre Olfa Ben Hamouda, o\u00f9 nous nous engageons \u00e0 fournir des services juridiques de haute qualit\u00e9 avec une approche personnalis\u00e9e pour chaque client.Situ\u00e9 au c\u0153ur de Tunis, notre cabinet est reconnu pour son expertise en droit priv\u00e9 et son d\u00e9vouement envers la justice.Nous mettons \u00e0 votre disposition une \u00e9quipe dynamique et comp\u00e9tente, pr\u00eate \u00e0 r\u00e9pondre \u00e0 tous vos besoins juridiques avec professionnalisme et diligence.","og_url":"https:\/\/olfabenhamouda.com\/index.php\/notre-cabinet\/","article_publisher":"https:\/\/www.facebook.com\/olfa.benhamouda.33","article_modified_time":"2024-06-18T20:32:51+00:00","og_image":[{"url":"http:\/\/olfabenhamouda.com\/wp-content\/uploads\/elementor\/thumbs\/Law-Degree-scaled-1280x960-1-qo9mbk4hzw8rbt87kre5g5010mv2wp22pmoa5ac1aw.jpeg"}],"twitter_card":"summary_large_image","twitter_misc":{"Estimated reading time":"3 minutes"},"schema":{"@context":"https:\/\/schema.org","@graph":[{"@type":["WebPage","AboutPage"],"@id":"https:\/\/olfabenhamouda.com\/index.php\/notre-cabinet\/","url":"https:\/\/olfabenhamouda.com\/index.php\/notre-cabinet\/","name":"About Us - Notre Cabinet","isPartOf":{"@id":"https:\/\/olfabenhamouda.com\/#website"},"primaryImageOfPage":{"@id":"https:\/\/olfabenhamouda.com\/index.php\/notre-cabinet\/#primaryimage"},"image":{"@id":"https:\/\/olfabenhamouda.com\/index.php\/notre-cabinet\/#primaryimage"},"thumbnailUrl":"http:\/\/olfabenhamouda.com\/wp-content\/uploads\/elementor\/thumbs\/Law-Degree-scaled-1280x960-1-qo9mbk4hzw8rbt87kre5g5010mv2wp22pmoa5ac1aw.jpeg","datePublished":"2018-10-14T13:11:00+00:00","dateModified":"2024-06-18T20:32:51+00:00","description":"Bienvenue au Cabinet de Ma\u00eetre Olfa Ben Hamouda, o\u00f9 nous nous engageons \u00e0 fournir des services juridiques de haute qualit\u00e9 avec une approche personnalis\u00e9e pour chaque client.Situ\u00e9 au c\u0153ur de Tunis, notre cabinet est reconnu pour son expertise en droit priv\u00e9 et son d\u00e9vouement envers la justice.Nous mettons \u00e0 votre disposition une \u00e9quipe dynamique et comp\u00e9tente, pr\u00eate \u00e0 r\u00e9pondre \u00e0 tous vos besoins juridiques avec professionnalisme et diligence.","breadcrumb":{"@id":"https:\/\/olfabenhamouda.com\/index.php\/notre-cabinet\/#breadcrumb"},"inLanguage":"en-GB","potentialAction":[{"@type":"ReadAction","target":["https:\/\/olfabenhamouda.com\/index.php\/notre-cabinet\/"]}]},{"@type":"ImageObject","inLanguage":"en-GB","@id":"https:\/\/olfabenhamouda.com\/index.php\/notre-cabinet\/#primaryimage","url":"http:\/\/olfabenhamouda.com\/wp-content\/uploads\/elementor\/thumbs\/Law-Degree-scaled-1280x960-1-qo9mbk4hzw8rbt87kre5g5010mv2wp22pmoa5ac1aw.jpeg","contentUrl":"http:\/\/olfabenhamouda.com\/wp-content\/uploads\/elementor\/thumbs\/Law-Degree-scaled-1280x960-1-qo9mbk4hzw8rbt87kre5g5010mv2wp22pmoa5ac1aw.jpeg"},{"@type":"BreadcrumbList","@id":"https:\/\/olfabenhamouda.com\/index.php\/notre-cabinet\/#breadcrumb","itemListElement":[{"@type":"ListItem","position":1,"name":"Home","item":"https:\/\/olfabenhamouda.com\/"},{"@type":"ListItem","position":2,"name":"About Us"}]},{"@type":"WebSite","@id":"https:\/\/olfabenhamouda.com\/#website","url":"https:\/\/olfabenhamouda.com\/","name":"olfabenhamouda","description":"","publisher":{"@id":"https:\/\/olfabenhamouda.com\/#organization"},"potentialAction":[{"@type":"SearchAction","target":{"@type":"EntryPoint","urlTemplate":"https:\/\/olfabenhamouda.com\/?s={search_term_string}"},"query-input":"required name=search_term_string"}],"inLanguage":"en-GB"},{"@type":"Organization","@id":"https:\/\/olfabenhamouda.com\/#organization","name":"Cabinet Avocate Olfa Ben Hamouda","url":"https:\/\/olfabenhamouda.com\/","logo":{"@type":"ImageObject","inLanguage":"en-GB","@id":"https:\/\/olfabenhamouda.com\/#\/schema\/logo\/image\/","url":"https:\/\/olfabenhamouda.com\/wp-content\/uploads\/2024\/05\/bc4fd4b0.ico","contentUrl":"https:\/\/olfabenhamouda.com\/wp-content\/uploads\/2024\/05\/bc4fd4b0.ico","width":48,"height":48,"caption":"Cabinet Avocate Olfa Ben Hamouda"},"image":{"@id":"https:\/\/olfabenhamouda.com\/#\/schema\/logo\/image\/"},"sameAs":["https:\/\/www.facebook.com\/olfa.benhamouda.33","https:\/\/www.linkedin.com\/in\/olfa-ben-hamouda-500a26173\/"]}]}},"_links":{"self":[{"href":"https:\/\/olfabenhamouda.com\/index.php\/wp-json\/wp\/v2\/pages\/163","targetHints":{"allow":["GET"]}}],"collection":[{"href":"https:\/\/olfabenhamouda.com\/index.php\/wp-json\/wp\/v2\/pages"}],"about":[{"href":"https:\/\/olfabenhamouda.com\/index.php\/wp-json\/wp\/v2\/types\/page"}],"author":[{"embeddable":true,"href":"https:\/\/olfabenhamouda.com\/index.php\/wp-json\/wp\/v2\/users\/1"}],"replies":[{"embeddable":true,"href":"https:\/\/olfabenhamouda.com\/index.php\/wp-json\/wp\/v2\/comments?post=163"}],"version-history":[{"count":42,"href":"https:\/\/olfabenhamouda.com\/index.php\/wp-json\/wp\/v2\/pages\/163\/revisions"}],"predecessor-version":[{"id":627,"href":"https:\/\/olfabenhamouda.com\/index.php\/wp-json\/wp\/v2\/pages\/163\/revisions\/627"}],"wp:attachment":[{"href":"https:\/\/olfabenhamouda.com\/index.php\/wp-json\/wp\/v2\/media?parent=163"}],"curies":[{"name":"wp","href":"https:\/\/api.w.org\/{rel}","templated":true}]}}